{"id":1434,"date":"2023-04-01T21:14:42","date_gmt":"2023-04-01T19:14:42","guid":{"rendered":"https:\/\/lw32.de\/cms\/?page_id=1434"},"modified":"2026-02-23T11:33:46","modified_gmt":"2026-02-23T10:33:46","slug":"kuechenplanung","status":"publish","type":"page","link":"https:\/\/lw32.de\/cms\/kuechenplanung\/","title":{"rendered":"K\u00fcchenplanung"},"content":{"rendered":"\t\t<div data-elementor-type=\"wp-page\" data-elementor-id=\"1434\" class=\"elementor elementor-1434\">\n\t\t\t\t\t\t<section class=\"has_eae_slider elementor-section elementor-top-section elementor-element elementor-element-9288139 elementor-section-boxed elementor-section-height-default elementor-section-height-default\" data-eae-slider=\"27755\" data-id=\"9288139\" data-element_type=\"section\" data-e-type=\"section\">\n\t\t\t\t\t\t<div class=\"elementor-container elementor-column-gap-extended\">\n\t\t\t\t\t<div class=\"has_eae_slider elementor-column elementor-col-100 elementor-top-column elementor-element elementor-element-701252c\" data-eae-slider=\"16734\" data-id=\"701252c\" data-element_type=\"column\" data-e-type=\"column\">\n\t\t\t<div class=\"elementor-widget-wrap elementor-element-populated\">\n\t\t\t\t\t\t<div class=\"elementor-element elementor-element-f3e1aad elementor-widget elementor-widget-image\" data-id=\"f3e1aad\" data-element_type=\"widget\" data-e-type=\"widget\" data-widget_type=\"image.default\">\n\t\t\t\t<div class=\"elementor-widget-container\">\n\t\t\t\t\t\t\t\t\t\t\t\t\t\t\t<img fetchpriority=\"high\" decoding=\"async\" width=\"2560\" height=\"1146\" src=\"https:\/\/lw32.de\/cms\/wp-content\/uploads\/2023\/05\/deckblattkueche2-scaled-e1699707595326.jpg\" class=\"attachment-full size-full wp-image-2748\" alt=\"K\u00fcchenplanung Karlsruhe\" srcset=\"https:\/\/lw32.de\/cms\/wp-content\/uploads\/2023\/05\/deckblattkueche2-scaled-e1699707595326.jpg 2560w, https:\/\/lw32.de\/cms\/wp-content\/uploads\/2023\/05\/deckblattkueche2-scaled-e1699707595326-300x134.jpg 300w, https:\/\/lw32.de\/cms\/wp-content\/uploads\/2023\/05\/deckblattkueche2-scaled-e1699707595326-1024x458.jpg 1024w, https:\/\/lw32.de\/cms\/wp-content\/uploads\/2023\/05\/deckblattkueche2-scaled-e1699707595326-768x344.jpg 768w, https:\/\/lw32.de\/cms\/wp-content\/uploads\/2023\/05\/deckblattkueche2-scaled-e1699707595326-1536x688.jpg 1536w, https:\/\/lw32.de\/cms\/wp-content\/uploads\/2023\/05\/deckblattkueche2-scaled-e1699707595326-2048x917.jpg 2048w\" sizes=\"(max-width: 2560px) 100vw, 2560px\" \/>\t\t\t\t\t\t\t\t\t\t\t\t\t\t\t<\/div>\n\t\t\t\t<\/div>\n\t\t\t\t\t<\/div>\n\t\t<\/div>\n\t\t\t\t\t<\/div>\n\t\t<\/section>\n\t\t\t\t<section class=\"has_eae_slider elementor-section elementor-top-section elementor-element elementor-element-b83368c elementor-section-boxed elementor-section-height-default elementor-section-height-default\" data-eae-slider=\"18232\" data-id=\"b83368c\" data-element_type=\"section\" data-e-type=\"section\">\n\t\t\t\t\t\t<div class=\"elementor-container elementor-column-gap-extended\">\n\t\t\t\t\t<div class=\"has_eae_slider elementor-column elementor-col-100 elementor-top-column elementor-element elementor-element-a36b485\" data-eae-slider=\"88723\" data-id=\"a36b485\" data-element_type=\"column\" data-e-type=\"column\">\n\t\t\t<div class=\"elementor-widget-wrap elementor-element-populated\">\n\t\t\t\t\t\t<div class=\"elementor-element elementor-element-42b3399 elementor-widget elementor-widget-spacer\" data-id=\"42b3399\" data-element_type=\"widget\" data-e-type=\"widget\" data-widget_type=\"spacer.default\">\n\t\t\t\t<div class=\"elementor-widget-container\">\n\t\t\t\t\t\t\t<div class=\"elementor-spacer\">\n\t\t\t<div class=\"elementor-spacer-inner\"><\/div>\n\t\t<\/div>\n\t\t\t\t\t\t<\/div>\n\t\t\t\t<\/div>\n\t\t\t\t<div class=\"elementor-element elementor-element-6e015fe elementor-widget elementor-widget-heading\" data-id=\"6e015fe\" data-element_type=\"widget\" data-e-type=\"widget\" data-widget_type=\"heading.default\">\n\t\t\t\t<div class=\"elementor-widget-container\">\n\t\t\t\t\t<h2 class=\"elementor-heading-title elementor-size-default\">K\u00dcCHENPLANUNG<\/h2>\t\t\t\t<\/div>\n\t\t\t\t<\/div>\n\t\t\t\t<div class=\"elementor-element elementor-element-810be69 elementor-widget elementor-widget-heading\" data-id=\"810be69\" data-element_type=\"widget\" data-e-type=\"widget\" data-widget_type=\"heading.default\">\n\t\t\t\t<div class=\"elementor-widget-container\">\n\t\t\t\t\t<h2 class=\"elementor-heading-title elementor-size-default\">K\u00fcchen(T)r\u00e4ume erleben<\/h2>\t\t\t\t<\/div>\n\t\t\t\t<\/div>\n\t\t\t\t<div class=\"elementor-element elementor-element-27cdda2 elementor-widget elementor-widget-spacer\" data-id=\"27cdda2\" data-element_type=\"widget\" data-e-type=\"widget\" data-widget_type=\"spacer.default\">\n\t\t\t\t<div class=\"elementor-widget-container\">\n\t\t\t\t\t\t\t<div class=\"elementor-spacer\">\n\t\t\t<div class=\"elementor-spacer-inner\"><\/div>\n\t\t<\/div>\n\t\t\t\t\t\t<\/div>\n\t\t\t\t<\/div>\n\t\t\t\t<div class=\"elementor-element elementor-element-677629f elementor-widget elementor-widget-text-editor\" data-id=\"677629f\" data-element_type=\"widget\" data-e-type=\"widget\" data-widget_type=\"text-editor.default\">\n\t\t\t\t<div class=\"elementor-widget-container\">\n\t\t\t\t\t\t\t\t\t<p>Die K\u00fcche ist ein zentraler Ort, Herz und Seele Ihres Zuhauses. Der Treffpunkt f\u00fcr Familie und Freunde. Sie muss gleichzeitig funktional und sch\u00f6n sein.<\/p><p>Deshalb planen wir Ihre Traumk\u00fcche mit Ihnen gemeinsam bis ins kleinste Detail. Optimal zugeschnitten auf Ihre<br \/>pers\u00f6nlichen Vorlieben und Bed\u00fcrfnisse \u2013 damit Sie Kochen neu erleben. Wir begleiten Sie von der Planung \u00fcber die Ger\u00e4te- und Materialauswahl bis zum Einbau, der durch unser fachm\u00e4nnisches Montageteam ausgef\u00fchrt wird.<\/p><p>Im Bereich K\u00fcchen bieten wir Ihnen das gesamte Spektrum zeitgem\u00e4\u00dfer K\u00fcchenarchitektur: M\u00f6bel &amp; Arbeitsfl\u00e4chen, Ger\u00e4te &amp; L\u00fcftung, Armaturen &amp; Sp\u00fclen, abgerundet durch eine Auswahl an besonderen Accessoires. Profitieren Sie auch f\u00fcr den Lebensraum K\u00fcche von unserem Anspruch an Design, Qualit\u00e4t und Individualit\u00e4t und machen Sie Ihre K\u00fcche zu einem besonderen Ort.<\/p><p>Lassen Sie sich pers\u00f6nlich beraten: Besuchen Sie uns im Showroom oder vereinbaren Sie einen Termin per Telefon oder \u00fcber unser <span style=\"text-decoration: underline;\"><a href=\"https:\/\/lw32.de\/cms\/kontaktformular-2\/\">Kontaktformular<\/a><\/span>. Wir freuen uns auf Ihre K\u00fcchenideen!<\/p>\t\t\t\t\t\t\t\t<\/div>\n\t\t\t\t<\/div>\n\t\t\t\t\t<\/div>\n\t\t<\/div>\n\t\t\t\t\t<\/div>\n\t\t<\/section>\n\t\t\t\t<section class=\"has_eae_slider elementor-section elementor-top-section elementor-element elementor-element-889bf6f elementor-section-boxed elementor-section-height-default elementor-section-height-default\" data-eae-slider=\"3103\" data-id=\"889bf6f\" data-element_type=\"section\" data-e-type=\"section\">\n\t\t\t\t\t\t<div class=\"elementor-container elementor-column-gap-wide\">\n\t\t\t\t\t<div class=\"has_eae_slider elementor-column elementor-col-100 elementor-top-column elementor-element elementor-element-f094098\" data-eae-slider=\"76842\" data-id=\"f094098\" data-element_type=\"column\" data-e-type=\"column\">\n\t\t\t<div class=\"elementor-widget-wrap elementor-element-populated\">\n\t\t\t\t\t\t<div class=\"elementor-element elementor-element-eb4cc67 elementor-widget elementor-widget-spacer\" data-id=\"eb4cc67\" data-element_type=\"widget\" data-e-type=\"widget\" data-widget_type=\"spacer.default\">\n\t\t\t\t<div class=\"elementor-widget-container\">\n\t\t\t\t\t\t\t<div class=\"elementor-spacer\">\n\t\t\t<div class=\"elementor-spacer-inner\"><\/div>\n\t\t<\/div>\n\t\t\t\t\t\t<\/div>\n\t\t\t\t<\/div>\n\t\t\t\t<div class=\"elementor-element elementor-element-3753d03 elementor-arrows-position-inside elementor-widget elementor-widget-image-carousel\" data-id=\"3753d03\" data-element_type=\"widget\" data-e-type=\"widget\" data-settings=\"{&quot;slides_to_show&quot;:&quot;1&quot;,&quot;navigation&quot;:&quot;arrows&quot;,&quot;pause_on_hover&quot;:&quot;no&quot;,&quot;autoplay_speed&quot;:3500,&quot;speed&quot;:1000,&quot;autoplay&quot;:&quot;yes&quot;,&quot;pause_on_interaction&quot;:&quot;yes&quot;,&quot;infinite&quot;:&quot;yes&quot;,&quot;effect&quot;:&quot;slide&quot;}\" data-widget_type=\"image-carousel.default\">\n\t\t\t\t<div class=\"elementor-widget-container\">\n\t\t\t\t\t\t\t<div class=\"elementor-image-carousel-wrapper swiper\" role=\"region\" aria-roledescription=\"carousel\" aria-label=\"Bild Karussell\" dir=\"ltr\">\n\t\t\t<div class=\"elementor-image-carousel swiper-wrapper\" aria-live=\"off\">\n\t\t\t\t\t\t\t\t<div class=\"swiper-slide\" role=\"group\" aria-roledescription=\"slide\" aria-label=\"1 von 5\"><figure class=\"swiper-slide-inner\"><img decoding=\"async\" class=\"swiper-slide-image\" src=\"https:\/\/lw32.de\/cms\/wp-content\/uploads\/2025\/07\/Design-ohne-Titel17-e1757496108637-1536x719.png\" alt=\"Design ohne Titel(17)\" \/><\/figure><\/div><div class=\"swiper-slide\" role=\"group\" aria-roledescription=\"slide\" aria-label=\"2 von 5\"><figure class=\"swiper-slide-inner\"><img decoding=\"async\" class=\"swiper-slide-image\" src=\"https:\/\/lw32.de\/cms\/wp-content\/uploads\/2025\/07\/Design-ohne-Titel16-e1757495885405-1536x719.png\" alt=\"Design ohne Titel(16)\" \/><\/figure><\/div><div class=\"swiper-slide\" role=\"group\" aria-roledescription=\"slide\" aria-label=\"3 von 5\"><figure class=\"swiper-slide-inner\"><img decoding=\"async\" class=\"swiper-slide-image\" src=\"https:\/\/lw32.de\/cms\/wp-content\/uploads\/2025\/06\/2019_bora_x-pure_puxu_puxa_eichekueche_3_rgb-scaled-e1757496370735-1536x712.jpg\" alt=\"Bora x pure K\u00fcche Eichenholz\" \/><\/figure><\/div><div class=\"swiper-slide\" role=\"group\" aria-roledescription=\"slide\" aria-label=\"4 von 5\"><figure class=\"swiper-slide-inner\"><img decoding=\"async\" class=\"swiper-slide-image\" src=\"https:\/\/lw32.de\/cms\/wp-content\/uploads\/2025\/06\/2945_AV1000_Sandgrau_Graphit-scaled-e1757496042629-1536x719.jpg\" alt=\"H\u00e4cker K\u00fcche AV1000\" \/><\/figure><\/div><div class=\"swiper-slide\" role=\"group\" aria-roledescription=\"slide\" aria-label=\"5 von 5\"><figure class=\"swiper-slide-inner\"><img decoding=\"async\" class=\"swiper-slide-image\" src=\"https:\/\/lw32.de\/cms\/wp-content\/uploads\/2025\/07\/Design-ohne-Titel18-e1757496141386-1536x719.png\" alt=\"Design ohne Titel(18)\" \/><\/figure><\/div>\t\t\t<\/div>\n\t\t\t\t\t\t\t\t\t\t\t\t<div class=\"elementor-swiper-button elementor-swiper-button-prev\" role=\"button\" tabindex=\"0\">\n\t\t\t\t\t\t<i aria-hidden=\"true\" class=\"eicon-chevron-left\"><\/i>\t\t\t\t\t<\/div>\n\t\t\t\t\t<div class=\"elementor-swiper-button elementor-swiper-button-next\" role=\"button\" tabindex=\"0\">\n\t\t\t\t\t\t<i aria-hidden=\"true\" class=\"eicon-chevron-right\"><\/i>\t\t\t\t\t<\/div>\n\t\t\t\t\n\t\t\t\t\t\t\t\t\t<\/div>\n\t\t\t\t\t\t<\/div>\n\t\t\t\t<\/div>\n\t\t\t\t<div class=\"elementor-element elementor-element-1d91e99 elementor-widget elementor-widget-spacer\" data-id=\"1d91e99\" data-element_type=\"widget\" data-e-type=\"widget\" data-widget_type=\"spacer.default\">\n\t\t\t\t<div class=\"elementor-widget-container\">\n\t\t\t\t\t\t\t<div class=\"elementor-spacer\">\n\t\t\t<div class=\"elementor-spacer-inner\"><\/div>\n\t\t<\/div>\n\t\t\t\t\t\t<\/div>\n\t\t\t\t<\/div>\n\t\t\t\t\t<\/div>\n\t\t<\/div>\n\t\t\t\t\t<\/div>\n\t\t<\/section>\n\t\t\t\t<\/div>\n\t\t","protected":false},"excerpt":{"rendered":"<p>K\u00dcCHENPLANUNG K\u00fcchen(T)r\u00e4ume erleben Die K\u00fcche ist ein zentraler Ort, Herz und Seele Ihres Zuhauses. Der Treffpunkt f\u00fcr Familie und Freunde. Sie muss gleichzeitig funktional und sch\u00f6n sein. Deshalb planen wir Ihre Traumk\u00fcche mit Ihnen gemeinsam bis ins kleinste Detail. Optimal zugeschnitten auf Ihrepers\u00f6nlichen Vorlieben und Bed\u00fcrfnisse \u2013 damit Sie Kochen neu erleben. Wir begleiten Sie [&hellip;]<\/p>\n","protected":false},"author":1,"featured_media":0,"parent":0,"menu_order":0,"comment_status":"closed","ping_status":"closed","template":"","meta":{"ocean_post_layout":"full-screen","ocean_both_sidebars_style":"","ocean_both_sidebars_content_width":0,"ocean_both_sidebars_sidebars_width":0,"ocean_sidebar":"0","ocean_second_sidebar":"0","ocean_disable_margins":"enable","ocean_add_body_class":"","ocean_shortcode_before_top_bar":"","ocean_shortcode_after_top_bar":"","ocean_shortcode_before_header":"","ocean_shortcode_after_header":"","ocean_has_shortcode":"","ocean_shortcode_after_title":"","ocean_shortcode_before_footer_widgets":"","ocean_shortcode_after_footer_widgets":"","ocean_shortcode_before_footer_bottom":"","ocean_shortcode_after_footer_bottom":"","ocean_display_top_bar":"off","ocean_display_header":"default","ocean_header_style":"","ocean_center_header_left_menu":"0","ocean_custom_header_template":"0","ocean_custom_logo":0,"ocean_custom_retina_logo":0,"ocean_custom_logo_max_width":0,"ocean_custom_logo_tablet_max_width":0,"ocean_custom_logo_mobile_max_width":0,"ocean_custom_logo_max_height":0,"ocean_custom_logo_tablet_max_height":0,"ocean_custom_logo_mobile_max_height":0,"ocean_header_custom_menu":"0","ocean_menu_typo_font_family":"0","ocean_menu_typo_font_subset":"","ocean_menu_typo_font_size":0,"ocean_menu_typo_font_size_tablet":0,"ocean_menu_typo_font_size_mobile":0,"ocean_menu_typo_font_size_unit":"px","ocean_menu_typo_font_weight":"","ocean_menu_typo_font_weight_tablet":"","ocean_menu_typo_font_weight_mobile":"","ocean_menu_typo_transform":"","ocean_menu_typo_transform_tablet":"","ocean_menu_typo_transform_mobile":"","ocean_menu_typo_line_height":0,"ocean_menu_typo_line_height_tablet":0,"ocean_menu_typo_line_height_mobile":0,"ocean_menu_typo_line_height_unit":"","ocean_menu_typo_spacing":0,"ocean_menu_typo_spacing_tablet":0,"ocean_menu_typo_spacing_mobile":0,"ocean_menu_typo_spacing_unit":"","ocean_menu_link_color":"","ocean_menu_link_color_hover":"","ocean_menu_link_color_active":"","ocean_menu_link_background":"","ocean_menu_link_hover_background":"","ocean_menu_link_active_background":"","ocean_menu_social_links_bg":"","ocean_menu_social_hover_links_bg":"","ocean_menu_social_links_color":"","ocean_menu_social_hover_links_color":"","ocean_disable_title":"on","ocean_disable_heading":"default","ocean_post_title":"","ocean_post_subheading":"","ocean_post_title_style":"","ocean_post_title_background_color":"","ocean_post_title_background":0,"ocean_post_title_bg_image_position":"","ocean_post_title_bg_image_attachment":"","ocean_post_title_bg_image_repeat":"","ocean_post_title_bg_image_size":"","ocean_post_title_height":0,"ocean_post_title_bg_overlay":0.5,"ocean_post_title_bg_overlay_color":"","ocean_disable_breadcrumbs":"default","ocean_breadcrumbs_color":"","ocean_breadcrumbs_separator_color":"","ocean_breadcrumbs_links_color":"","ocean_breadcrumbs_links_hover_color":"","ocean_display_footer_widgets":"off","ocean_display_footer_bottom":"off","ocean_custom_footer_template":"0","footnotes":""},"class_list":["post-1434","page","type-page","status-publish","hentry","entry"],"yoast_head":"<!-- This site is optimized with the Yoast SEO plugin v27.6 - https:\/\/yoast.com\/product\/yoast-seo-wordpress\/ -->\n<title>K\u00fcchenplanung Karlsruhe | Licht + Wohnen<\/title>\n<meta name=\"description\" content=\"Professionelle K\u00fcchenplanung in Karlsruhe bei Licht + Wohnen. Individuelle Planung, Design und Funktion perfekt auf Ihr Zuhause abgestimmt.\" \/>\n<meta name=\"robots\" content=\"index, follow, max-snippet:-1, max-image-preview:large, max-video-preview:-1\" \/>\n<link rel=\"canonical\" href=\"https:\/\/lw32.de\/cms\/kuechenplanung\/\" \/>\n<meta property=\"og:locale\" content=\"de_DE\" \/>\n<meta property=\"og:type\" content=\"article\" \/>\n<meta property=\"og:title\" content=\"K\u00fcchenplanung Karlsruhe | Licht + Wohnen\" \/>\n<meta property=\"og:description\" content=\"Professionelle K\u00fcchenplanung in Karlsruhe bei Licht + Wohnen. Individuelle Planung, Design und Funktion perfekt auf Ihr Zuhause abgestimmt.\" \/>\n<meta property=\"og:url\" content=\"https:\/\/lw32.de\/cms\/kuechenplanung\/\" \/>\n<meta property=\"og:site_name\" content=\"Licht+Wohnen\" \/>\n<meta property=\"article:publisher\" content=\"https:\/\/www.facebook.com\/LichtWohnen\/?locale=de_DE\" \/>\n<meta property=\"article:modified_time\" content=\"2026-02-23T10:33:46+00:00\" \/>\n<meta property=\"og:image\" content=\"https:\/\/lw32.de\/cms\/wp-content\/uploads\/2023\/05\/deckblattkueche2-scaled-e1699707595326.jpg\" \/>\n\t<meta property=\"og:image:width\" content=\"2560\" \/>\n\t<meta property=\"og:image:height\" content=\"1146\" \/>\n\t<meta property=\"og:image:type\" content=\"image\/jpeg\" \/>\n<meta name=\"twitter:card\" content=\"summary_large_image\" \/>\n<meta name=\"twitter:label1\" content=\"Gesch\u00e4tzte Lesezeit\" \/>\n\t<meta name=\"twitter:data1\" content=\"3\u00a0Minuten\" \/>\n<script type=\"application\/ld+json\" class=\"yoast-schema-graph\">{\"@context\":\"https:\\\/\\\/schema.org\",\"@graph\":[{\"@type\":\"WebPage\",\"@id\":\"https:\\\/\\\/lw32.de\\\/cms\\\/kuechenplanung\\\/\",\"url\":\"https:\\\/\\\/lw32.de\\\/cms\\\/kuechenplanung\\\/\",\"name\":\"K\u00fcchenplanung Karlsruhe | Licht + Wohnen\",\"isPartOf\":{\"@id\":\"https:\\\/\\\/lw32.de\\\/cms\\\/#website\"},\"primaryImageOfPage\":{\"@id\":\"https:\\\/\\\/lw32.de\\\/cms\\\/kuechenplanung\\\/#primaryimage\"},\"image\":{\"@id\":\"https:\\\/\\\/lw32.de\\\/cms\\\/kuechenplanung\\\/#primaryimage\"},\"thumbnailUrl\":\"https:\\\/\\\/lw32.de\\\/cms\\\/wp-content\\\/uploads\\\/2023\\\/05\\\/deckblattkueche2-scaled-e1699707595326.jpg\",\"datePublished\":\"2023-04-01T19:14:42+00:00\",\"dateModified\":\"2026-02-23T10:33:46+00:00\",\"description\":\"Professionelle K\u00fcchenplanung in Karlsruhe bei Licht + Wohnen. Individuelle Planung, Design und Funktion perfekt auf Ihr Zuhause abgestimmt.\",\"breadcrumb\":{\"@id\":\"https:\\\/\\\/lw32.de\\\/cms\\\/kuechenplanung\\\/#breadcrumb\"},\"inLanguage\":\"de\",\"potentialAction\":[{\"@type\":\"ReadAction\",\"target\":[\"https:\\\/\\\/lw32.de\\\/cms\\\/kuechenplanung\\\/\"]}]},{\"@type\":\"ImageObject\",\"inLanguage\":\"de\",\"@id\":\"https:\\\/\\\/lw32.de\\\/cms\\\/kuechenplanung\\\/#primaryimage\",\"url\":\"https:\\\/\\\/lw32.de\\\/cms\\\/wp-content\\\/uploads\\\/2023\\\/05\\\/deckblattkueche2-scaled-e1699707595326.jpg\",\"contentUrl\":\"https:\\\/\\\/lw32.de\\\/cms\\\/wp-content\\\/uploads\\\/2023\\\/05\\\/deckblattkueche2-scaled-e1699707595326.jpg\",\"width\":2560,\"height\":1146,\"caption\":\"K\u00fcchenplanung Karlsruhe\"},{\"@type\":\"BreadcrumbList\",\"@id\":\"https:\\\/\\\/lw32.de\\\/cms\\\/kuechenplanung\\\/#breadcrumb\",\"itemListElement\":[{\"@type\":\"ListItem\",\"position\":1,\"name\":\"Startseite\",\"item\":\"https:\\\/\\\/lw32.de\\\/cms\\\/\"},{\"@type\":\"ListItem\",\"position\":2,\"name\":\"K\u00fcchenplanung\"}]},{\"@type\":\"WebSite\",\"@id\":\"https:\\\/\\\/lw32.de\\\/cms\\\/#website\",\"url\":\"https:\\\/\\\/lw32.de\\\/cms\\\/\",\"name\":\"Licht+Wohnen\",\"description\":\"Das Einrichtungshaus in Karlsruhe\",\"publisher\":{\"@id\":\"https:\\\/\\\/lw32.de\\\/cms\\\/#organization\"},\"potentialAction\":[{\"@type\":\"SearchAction\",\"target\":{\"@type\":\"EntryPoint\",\"urlTemplate\":\"https:\\\/\\\/lw32.de\\\/cms\\\/?s={search_term_string}\"},\"query-input\":{\"@type\":\"PropertyValueSpecification\",\"valueRequired\":true,\"valueName\":\"search_term_string\"}}],\"inLanguage\":\"de\"},{\"@type\":\"Organization\",\"@id\":\"https:\\\/\\\/lw32.de\\\/cms\\\/#organization\",\"name\":\"Licht+Wohnen\",\"url\":\"https:\\\/\\\/lw32.de\\\/cms\\\/\",\"logo\":{\"@type\":\"ImageObject\",\"inLanguage\":\"de\",\"@id\":\"https:\\\/\\\/lw32.de\\\/cms\\\/#\\\/schema\\\/logo\\\/image\\\/\",\"url\":\"https:\\\/\\\/lw32.de\\\/cms\\\/wp-content\\\/uploads\\\/2025\\\/06\\\/cropped-cropped-luw_logo_claim_.png\",\"contentUrl\":\"https:\\\/\\\/lw32.de\\\/cms\\\/wp-content\\\/uploads\\\/2025\\\/06\\\/cropped-cropped-luw_logo_claim_.png\",\"width\":988,\"height\":441,\"caption\":\"Licht+Wohnen\"},\"image\":{\"@id\":\"https:\\\/\\\/lw32.de\\\/cms\\\/#\\\/schema\\\/logo\\\/image\\\/\"},\"sameAs\":[\"https:\\\/\\\/www.facebook.com\\\/LichtWohnen\\\/?locale=de_DE\",\"https:\\\/\\\/www.instagram.com\\\/lichtwohnen\\\/?hl=de\"]}]}<\/script>\n<!-- \/ Yoast SEO plugin. -->","yoast_head_json":{"title":"K\u00fcchenplanung Karlsruhe | Licht + Wohnen","description":"Professionelle K\u00fcchenplanung in Karlsruhe bei Licht + Wohnen. Individuelle Planung, Design und Funktion perfekt auf Ihr Zuhause abgestimmt.","robots":{"index":"index","follow":"follow","max-snippet":"max-snippet:-1","max-image-preview":"max-image-preview:large","max-video-preview":"max-video-preview:-1"},"canonical":"https:\/\/lw32.de\/cms\/kuechenplanung\/","og_locale":"de_DE","og_type":"article","og_title":"K\u00fcchenplanung Karlsruhe | Licht + Wohnen","og_description":"Professionelle K\u00fcchenplanung in Karlsruhe bei Licht + Wohnen. Individuelle Planung, Design und Funktion perfekt auf Ihr Zuhause abgestimmt.","og_url":"https:\/\/lw32.de\/cms\/kuechenplanung\/","og_site_name":"Licht+Wohnen","article_publisher":"https:\/\/www.facebook.com\/LichtWohnen\/?locale=de_DE","article_modified_time":"2026-02-23T10:33:46+00:00","og_image":[{"width":2560,"height":1146,"url":"https:\/\/lw32.de\/cms\/wp-content\/uploads\/2023\/05\/deckblattkueche2-scaled-e1699707595326.jpg","type":"image\/jpeg"}],"twitter_card":"summary_large_image","twitter_misc":{"Gesch\u00e4tzte Lesezeit":"3\u00a0Minuten"},"schema":{"@context":"https:\/\/schema.org","@graph":[{"@type":"WebPage","@id":"https:\/\/lw32.de\/cms\/kuechenplanung\/","url":"https:\/\/lw32.de\/cms\/kuechenplanung\/","name":"K\u00fcchenplanung Karlsruhe | Licht + Wohnen","isPartOf":{"@id":"https:\/\/lw32.de\/cms\/#website"},"primaryImageOfPage":{"@id":"https:\/\/lw32.de\/cms\/kuechenplanung\/#primaryimage"},"image":{"@id":"https:\/\/lw32.de\/cms\/kuechenplanung\/#primaryimage"},"thumbnailUrl":"https:\/\/lw32.de\/cms\/wp-content\/uploads\/2023\/05\/deckblattkueche2-scaled-e1699707595326.jpg","datePublished":"2023-04-01T19:14:42+00:00","dateModified":"2026-02-23T10:33:46+00:00","description":"Professionelle K\u00fcchenplanung in Karlsruhe bei Licht + Wohnen. Individuelle Planung, Design und Funktion perfekt auf Ihr Zuhause abgestimmt.","breadcrumb":{"@id":"https:\/\/lw32.de\/cms\/kuechenplanung\/#breadcrumb"},"inLanguage":"de","potentialAction":[{"@type":"ReadAction","target":["https:\/\/lw32.de\/cms\/kuechenplanung\/"]}]},{"@type":"ImageObject","inLanguage":"de","@id":"https:\/\/lw32.de\/cms\/kuechenplanung\/#primaryimage","url":"https:\/\/lw32.de\/cms\/wp-content\/uploads\/2023\/05\/deckblattkueche2-scaled-e1699707595326.jpg","contentUrl":"https:\/\/lw32.de\/cms\/wp-content\/uploads\/2023\/05\/deckblattkueche2-scaled-e1699707595326.jpg","width":2560,"height":1146,"caption":"K\u00fcchenplanung Karlsruhe"},{"@type":"BreadcrumbList","@id":"https:\/\/lw32.de\/cms\/kuechenplanung\/#breadcrumb","itemListElement":[{"@type":"ListItem","position":1,"name":"Startseite","item":"https:\/\/lw32.de\/cms\/"},{"@type":"ListItem","position":2,"name":"K\u00fcchenplanung"}]},{"@type":"WebSite","@id":"https:\/\/lw32.de\/cms\/#website","url":"https:\/\/lw32.de\/cms\/","name":"Licht+Wohnen","description":"Das Einrichtungshaus in Karlsruhe","publisher":{"@id":"https:\/\/lw32.de\/cms\/#organization"},"potentialAction":[{"@type":"SearchAction","target":{"@type":"EntryPoint","urlTemplate":"https:\/\/lw32.de\/cms\/?s={search_term_string}"},"query-input":{"@type":"PropertyValueSpecification","valueRequired":true,"valueName":"search_term_string"}}],"inLanguage":"de"},{"@type":"Organization","@id":"https:\/\/lw32.de\/cms\/#organization","name":"Licht+Wohnen","url":"https:\/\/lw32.de\/cms\/","logo":{"@type":"ImageObject","inLanguage":"de","@id":"https:\/\/lw32.de\/cms\/#\/schema\/logo\/image\/","url":"https:\/\/lw32.de\/cms\/wp-content\/uploads\/2025\/06\/cropped-cropped-luw_logo_claim_.png","contentUrl":"https:\/\/lw32.de\/cms\/wp-content\/uploads\/2025\/06\/cropped-cropped-luw_logo_claim_.png","width":988,"height":441,"caption":"Licht+Wohnen"},"image":{"@id":"https:\/\/lw32.de\/cms\/#\/schema\/logo\/image\/"},"sameAs":["https:\/\/www.facebook.com\/LichtWohnen\/?locale=de_DE","https:\/\/www.instagram.com\/lichtwohnen\/?hl=de"]}]}},"jetpack_sharing_enabled":true,"_links":{"self":[{"href":"https:\/\/lw32.de\/cms\/wp-json\/wp\/v2\/pages\/1434","targetHints":{"allow":["GET"]}}],"collection":[{"href":"https:\/\/lw32.de\/cms\/wp-json\/wp\/v2\/pages"}],"about":[{"href":"https:\/\/lw32.de\/cms\/wp-json\/wp\/v2\/types\/page"}],"author":[{"embeddable":true,"href":"https:\/\/lw32.de\/cms\/wp-json\/wp\/v2\/users\/1"}],"replies":[{"embeddable":true,"href":"https:\/\/lw32.de\/cms\/wp-json\/wp\/v2\/comments?post=1434"}],"version-history":[{"count":10,"href":"https:\/\/lw32.de\/cms\/wp-json\/wp\/v2\/pages\/1434\/revisions"}],"predecessor-version":[{"id":7932,"href":"https:\/\/lw32.de\/cms\/wp-json\/wp\/v2\/pages\/1434\/revisions\/7932"}],"wp:attachment":[{"href":"https:\/\/lw32.de\/cms\/wp-json\/wp\/v2\/media?parent=1434"}],"curies":[{"name":"wp","href":"https:\/\/api.w.org\/{rel}","templated":true}]}}