{"id":1429,"date":"2023-04-01T21:05:46","date_gmt":"2023-04-01T19:05:46","guid":{"rendered":"https:\/\/lw32.de\/cms\/?page_id=1429"},"modified":"2025-06-24T17:17:11","modified_gmt":"2025-06-24T15:17:11","slug":"textilberatung","status":"publish","type":"page","link":"https:\/\/lw32.de\/cms\/textilberatung\/","title":{"rendered":"Textilberatung"},"content":{"rendered":"\t\t<div data-elementor-type=\"wp-page\" data-elementor-id=\"1429\" class=\"elementor elementor-1429\">\n\t\t\t\t\t\t<section class=\"has_eae_slider elementor-section elementor-top-section elementor-element elementor-element-2391b50 elementor-section-boxed elementor-section-height-default elementor-section-height-default\" data-eae-slider=\"28955\" data-id=\"2391b50\" data-element_type=\"section\" data-e-type=\"section\">\n\t\t\t\t\t\t<div class=\"elementor-container elementor-column-gap-extended\">\n\t\t\t\t\t<div class=\"has_eae_slider elementor-column elementor-col-100 elementor-top-column elementor-element elementor-element-7575b9a\" data-eae-slider=\"15974\" data-id=\"7575b9a\" data-element_type=\"column\" data-e-type=\"column\">\n\t\t\t<div class=\"elementor-widget-wrap elementor-element-populated\">\n\t\t\t\t\t\t<div class=\"elementor-element elementor-element-d974089 elementor-widget elementor-widget-image\" data-id=\"d974089\" data-element_type=\"widget\" data-e-type=\"widget\" data-widget_type=\"image.default\">\n\t\t\t\t<div class=\"elementor-widget-container\">\n\t\t\t\t\t\t\t\t\t\t\t\t\t\t\t<img fetchpriority=\"high\" decoding=\"async\" width=\"2560\" height=\"1149\" src=\"https:\/\/lw32.de\/cms\/wp-content\/uploads\/2023\/04\/Textilien-scaled.jpg\" class=\"attachment-full size-full wp-image-1442\" alt=\"\" srcset=\"https:\/\/lw32.de\/cms\/wp-content\/uploads\/2023\/04\/Textilien-scaled.jpg 2560w, https:\/\/lw32.de\/cms\/wp-content\/uploads\/2023\/04\/Textilien-300x135.jpg 300w, https:\/\/lw32.de\/cms\/wp-content\/uploads\/2023\/04\/Textilien-1024x459.jpg 1024w, https:\/\/lw32.de\/cms\/wp-content\/uploads\/2023\/04\/Textilien-768x345.jpg 768w, https:\/\/lw32.de\/cms\/wp-content\/uploads\/2023\/04\/Textilien-1536x689.jpg 1536w, https:\/\/lw32.de\/cms\/wp-content\/uploads\/2023\/04\/Textilien-2048x919.jpg 2048w\" sizes=\"(max-width: 2560px) 100vw, 2560px\" \/>\t\t\t\t\t\t\t\t\t\t\t\t\t\t\t<\/div>\n\t\t\t\t<\/div>\n\t\t\t\t\t<\/div>\n\t\t<\/div>\n\t\t\t\t\t<\/div>\n\t\t<\/section>\n\t\t\t\t<section class=\"has_eae_slider elementor-section elementor-top-section elementor-element elementor-element-290f09e elementor-section-boxed elementor-section-height-default elementor-section-height-default\" data-eae-slider=\"94196\" data-id=\"290f09e\" data-element_type=\"section\" data-e-type=\"section\">\n\t\t\t\t\t\t<div class=\"elementor-container elementor-column-gap-extended\">\n\t\t\t\t\t<div class=\"has_eae_slider elementor-column elementor-col-100 elementor-top-column elementor-element elementor-element-d6998ae\" data-eae-slider=\"3728\" data-id=\"d6998ae\" data-element_type=\"column\" data-e-type=\"column\">\n\t\t\t<div class=\"elementor-widget-wrap elementor-element-populated\">\n\t\t\t\t\t\t<div class=\"elementor-element elementor-element-9cd7c5a elementor-widget elementor-widget-spacer\" data-id=\"9cd7c5a\" data-element_type=\"widget\" data-e-type=\"widget\" data-widget_type=\"spacer.default\">\n\t\t\t\t<div class=\"elementor-widget-container\">\n\t\t\t\t\t\t\t<div class=\"elementor-spacer\">\n\t\t\t<div class=\"elementor-spacer-inner\"><\/div>\n\t\t<\/div>\n\t\t\t\t\t\t<\/div>\n\t\t\t\t<\/div>\n\t\t\t\t<div class=\"elementor-element elementor-element-1b171a9 elementor-widget elementor-widget-heading\" data-id=\"1b171a9\" data-element_type=\"widget\" data-e-type=\"widget\" data-widget_type=\"heading.default\">\n\t\t\t\t<div class=\"elementor-widget-container\">\n\t\t\t\t\t<h2 class=\"elementor-heading-title elementor-size-default\">TEXTILBERATUNG<\/h2>\t\t\t\t<\/div>\n\t\t\t\t<\/div>\n\t\t\t\t<div class=\"elementor-element elementor-element-58f64b5 elementor-widget elementor-widget-heading\" data-id=\"58f64b5\" data-element_type=\"widget\" data-e-type=\"widget\" data-widget_type=\"heading.default\">\n\t\t\t\t<div class=\"elementor-widget-container\">\n\t\t\t\t\t<h2 class=\"elementor-heading-title elementor-size-default\">Vorhang auf f\u00fcr textile Leidenschaft<\/h2>\t\t\t\t<\/div>\n\t\t\t\t<\/div>\n\t\t\t\t<div class=\"elementor-element elementor-element-aee56f4 elementor-widget elementor-widget-spacer\" data-id=\"aee56f4\" data-element_type=\"widget\" data-e-type=\"widget\" data-widget_type=\"spacer.default\">\n\t\t\t\t<div class=\"elementor-widget-container\">\n\t\t\t\t\t\t\t<div class=\"elementor-spacer\">\n\t\t\t<div class=\"elementor-spacer-inner\"><\/div>\n\t\t<\/div>\n\t\t\t\t\t\t<\/div>\n\t\t\t\t<\/div>\n\t\t\t\t<div class=\"elementor-element elementor-element-06a4ba4 elementor-widget elementor-widget-text-editor\" data-id=\"06a4ba4\" data-element_type=\"widget\" data-e-type=\"widget\" data-widget_type=\"text-editor.default\">\n\t\t\t\t<div class=\"elementor-widget-container\">\n\t\t\t\t\t\t\t\t\t<p>Hochwertige Wohntextilien geben Ihren R\u00e4umen das gewisse Etwas, setzen individuelle Akzente und sorgen f\u00fcr Behaglichkeit. Zus\u00e4tzlich haben Sie, insbesondere in sehr puristisch gestalteten Innenr\u00e4umen, eine schallmindernde Funktion. Stilsicher und gekonnt setzen wir Dekorationsstoffe ein, verleihen dem Raum Akzente und vereinen dabei Zeitgeist und Innovation.<u><\/u><u><\/u><\/p>\n<p>Ob Vorh\u00e4nge, Bezugsstoffe &amp; Teppiche, Bettw\u00e4sche, Plaids &amp; Dekokissen, besondere Wallcoverings oder innenliegender Sonnen- und Blendschutz. Wir pr\u00e4sentieren eine exklusive Zusammenstellung an Trends, Highlights und einzigartigem Design internationaler Hersteller. Neuartige Verarbeitungstechniken erlauben extravagante Strukturen und Reliefs und setzen den Stoff am Fenster in Szene.<u><\/u><u><\/u><\/p>\n<p>Sinnliches, elegantes, puristisches und nat\u00fcrliches Textildesign erleben Sie in unserem Textil-Showroom. Dort haben wir aus allen Bereichen eine besondere Auswahl der namhaftesten Hersteller f\u00fcr Sie zusammengestellt, um auch Ihren R\u00e4umen Pers\u00f6nlichkeit zu verleihen. Unsere Textilexperten beraten Sie gerne rund um das Thema Wohntextilien.<\/p>\n<p><span style=\"font-family: &quot;Roboto Condensed&quot;, sans-serif; font-size: 28px; font-style: normal; font-variant-ligatures: normal; font-variant-caps: normal; font-weight: 200;\">Besuchen Sie uns im Showroom oder vereinbaren Sie einen Termin per Telefon oder \u00fcber unser&nbsp;<\/span><span style=\"font-variant-ligatures: normal; font-variant-caps: normal; font-family: &quot;Roboto Condensed&quot;, sans-serif; font-size: 28px; font-style: normal; font-weight: 200; text-decoration-line: underline;\"><a href=\"https:\/\/lw32.de\/cms\/kontaktformular-2\/\" style=\"font-size: 28px; transition-property: all;\">Kontaktformular<\/a><\/span><span style=\"font-family: &quot;Roboto Condensed&quot;, sans-serif; font-size: 28px; font-style: normal; font-variant-ligatures: normal; font-variant-caps: normal; font-weight: 200;\">. Wir freuen uns darauf, gemeinsam mit Ihnen die perfekte Atmosph\u00e4re f\u00fcr ihr Zuhause zu schaffen!<\/span><\/p>\t\t\t\t\t\t\t\t<\/div>\n\t\t\t\t<\/div>\n\t\t\t\t\t<\/div>\n\t\t<\/div>\n\t\t\t\t\t<\/div>\n\t\t<\/section>\n\t\t\t\t<section class=\"has_eae_slider elementor-section elementor-top-section elementor-element elementor-element-dab466b elementor-section-boxed elementor-section-height-default elementor-section-height-default\" data-eae-slider=\"77640\" data-id=\"dab466b\" data-element_type=\"section\" data-e-type=\"section\">\n\t\t\t\t\t\t<div class=\"elementor-container elementor-column-gap-wide\">\n\t\t\t\t\t<div class=\"has_eae_slider elementor-column elementor-col-100 elementor-top-column elementor-element elementor-element-9d2eb0b\" data-eae-slider=\"15347\" data-id=\"9d2eb0b\" data-element_type=\"column\" data-e-type=\"column\">\n\t\t\t<div class=\"elementor-widget-wrap elementor-element-populated\">\n\t\t\t\t\t\t<div class=\"elementor-element elementor-element-232882c elementor-widget elementor-widget-spacer\" data-id=\"232882c\" data-element_type=\"widget\" data-e-type=\"widget\" data-widget_type=\"spacer.default\">\n\t\t\t\t<div class=\"elementor-widget-container\">\n\t\t\t\t\t\t\t<div class=\"elementor-spacer\">\n\t\t\t<div class=\"elementor-spacer-inner\"><\/div>\n\t\t<\/div>\n\t\t\t\t\t\t<\/div>\n\t\t\t\t<\/div>\n\t\t\t\t<div class=\"elementor-element elementor-element-df091c9 elementor-arrows-position-inside elementor-widget elementor-widget-image-carousel\" data-id=\"df091c9\" data-element_type=\"widget\" data-e-type=\"widget\" data-settings=\"{&quot;slides_to_show&quot;:&quot;1&quot;,&quot;navigation&quot;:&quot;arrows&quot;,&quot;pause_on_hover&quot;:&quot;no&quot;,&quot;autoplay_speed&quot;:3500,&quot;speed&quot;:1000,&quot;autoplay&quot;:&quot;yes&quot;,&quot;pause_on_interaction&quot;:&quot;yes&quot;,&quot;infinite&quot;:&quot;yes&quot;,&quot;effect&quot;:&quot;slide&quot;}\" data-widget_type=\"image-carousel.default\">\n\t\t\t\t<div class=\"elementor-widget-container\">\n\t\t\t\t\t\t\t<div class=\"elementor-image-carousel-wrapper swiper\" role=\"region\" aria-roledescription=\"carousel\" aria-label=\"Bild Karussell\" dir=\"ltr\">\n\t\t\t<div class=\"elementor-image-carousel swiper-wrapper\" aria-live=\"off\">\n\t\t\t\t\t\t\t\t<div class=\"swiper-slide\" role=\"group\" aria-roledescription=\"slide\" aria-label=\"1 von 5\"><figure class=\"swiper-slide-inner\"><img decoding=\"async\" class=\"swiper-slide-image\" src=\"https:\/\/lw32.de\/cms\/wp-content\/uploads\/2023\/04\/LatteMacchiato_M2_821-e1692004458271.jpg\" alt=\"LatteMacchiato_M2_82(1)\" \/><\/figure><\/div><div class=\"swiper-slide\" role=\"group\" aria-roledescription=\"slide\" aria-label=\"2 von 5\"><figure class=\"swiper-slide-inner\"><img decoding=\"async\" class=\"swiper-slide-image\" src=\"https:\/\/lw32.de\/cms\/wp-content\/uploads\/2023\/08\/CarteBlanche_FrancineBroos_Photo_VernePhotography_16_300dpi-scaled-e1692005275441.jpg\" alt=\"CarteBlanche_FrancineBroos_Photo_VernePhotography_16_300dpi\" \/><\/figure><\/div><div class=\"swiper-slide\" role=\"group\" aria-roledescription=\"slide\" aria-label=\"3 von 5\"><figure class=\"swiper-slide-inner\"><img decoding=\"async\" class=\"swiper-slide-image\" src=\"https:\/\/lw32.de\/cms\/wp-content\/uploads\/2023\/02\/Fischbacher_CapetownStripe_2848_L_RGB-e1692004573876.jpg\" alt=\"\" \/><\/figure><\/div><div class=\"swiper-slide\" role=\"group\" aria-roledescription=\"slide\" aria-label=\"4 von 5\"><figure class=\"swiper-slide-inner\"><img decoding=\"async\" class=\"swiper-slide-image\" src=\"https:\/\/lw32.de\/cms\/wp-content\/uploads\/2023\/01\/CloseUp_Sinfonia_CS_300dpi-scaled-e1692004695549.jpg\" alt=\"CloseUp_Sinfonia_CS_300dpi\" \/><\/figure><\/div><div class=\"swiper-slide\" role=\"group\" aria-roledescription=\"slide\" aria-label=\"5 von 5\"><figure class=\"swiper-slide-inner\"><img decoding=\"async\" class=\"swiper-slide-image\" src=\"https:\/\/lw32.de\/cms\/wp-content\/uploads\/2023\/08\/JoyOfLife_Fly_001-scaled-e1692005323894.jpg\" alt=\"JoyOfLife_Fly_001\" \/><\/figure><\/div>\t\t\t<\/div>\n\t\t\t\t\t\t\t\t\t\t\t\t<div class=\"elementor-swiper-button elementor-swiper-button-prev\" role=\"button\" tabindex=\"0\">\n\t\t\t\t\t\t<i aria-hidden=\"true\" class=\"eicon-chevron-left\"><\/i>\t\t\t\t\t<\/div>\n\t\t\t\t\t<div class=\"elementor-swiper-button elementor-swiper-button-next\" role=\"button\" tabindex=\"0\">\n\t\t\t\t\t\t<i aria-hidden=\"true\" class=\"eicon-chevron-right\"><\/i>\t\t\t\t\t<\/div>\n\t\t\t\t\n\t\t\t\t\t\t\t\t\t<\/div>\n\t\t\t\t\t\t<\/div>\n\t\t\t\t<\/div>\n\t\t\t\t<div class=\"elementor-element elementor-element-1a9fe32 elementor-widget elementor-widget-spacer\" data-id=\"1a9fe32\" data-element_type=\"widget\" data-e-type=\"widget\" data-widget_type=\"spacer.default\">\n\t\t\t\t<div class=\"elementor-widget-container\">\n\t\t\t\t\t\t\t<div class=\"elementor-spacer\">\n\t\t\t<div class=\"elementor-spacer-inner\"><\/div>\n\t\t<\/div>\n\t\t\t\t\t\t<\/div>\n\t\t\t\t<\/div>\n\t\t\t\t\t<\/div>\n\t\t<\/div>\n\t\t\t\t\t<\/div>\n\t\t<\/section>\n\t\t\t\t<\/div>\n\t\t","protected":false},"excerpt":{"rendered":"<p>TEXTILBERATUNG Vorhang auf f\u00fcr textile Leidenschaft Hochwertige Wohntextilien geben Ihren R\u00e4umen das gewisse Etwas, setzen individuelle Akzente und sorgen f\u00fcr Behaglichkeit. Zus\u00e4tzlich haben Sie, insbesondere in sehr puristisch gestalteten Innenr\u00e4umen, eine schallmindernde Funktion. Stilsicher und gekonnt setzen wir Dekorationsstoffe ein, verleihen dem Raum Akzente und vereinen dabei Zeitgeist und Innovation. Ob Vorh\u00e4nge, Bezugsstoffe &amp; Teppiche, [&hellip;]<\/p>\n","protected":false},"author":1,"featured_media":0,"parent":0,"menu_order":0,"comment_status":"closed","ping_status":"closed","template":"","meta":{"ocean_post_layout":"full-screen","ocean_both_sidebars_style":"","ocean_both_sidebars_content_width":0,"ocean_both_sidebars_sidebars_width":0,"ocean_sidebar":"0","ocean_second_sidebar":"0","ocean_disable_margins":"enable","ocean_add_body_class":"","ocean_shortcode_before_top_bar":"","ocean_shortcode_after_top_bar":"","ocean_shortcode_before_header":"","ocean_shortcode_after_header":"","ocean_has_shortcode":"","ocean_shortcode_after_title":"","ocean_shortcode_before_footer_widgets":"","ocean_shortcode_after_footer_widgets":"","ocean_shortcode_before_footer_bottom":"","ocean_shortcode_after_footer_bottom":"","ocean_display_top_bar":"off","ocean_display_header":"default","ocean_header_style":"","ocean_center_header_left_menu":"0","ocean_custom_header_template":"0","ocean_custom_logo":0,"ocean_custom_retina_logo":0,"ocean_custom_logo_max_width":0,"ocean_custom_logo_tablet_max_width":0,"ocean_custom_logo_mobile_max_width":0,"ocean_custom_logo_max_height":0,"ocean_custom_logo_tablet_max_height":0,"ocean_custom_logo_mobile_max_height":0,"ocean_header_custom_menu":"0","ocean_menu_typo_font_family":"0","ocean_menu_typo_font_subset":"","ocean_menu_typo_font_size":0,"ocean_menu_typo_font_size_tablet":0,"ocean_menu_typo_font_size_mobile":0,"ocean_menu_typo_font_size_unit":"px","ocean_menu_typo_font_weight":"","ocean_menu_typo_font_weight_tablet":"","ocean_menu_typo_font_weight_mobile":"","ocean_menu_typo_transform":"","ocean_menu_typo_transform_tablet":"","ocean_menu_typo_transform_mobile":"","ocean_menu_typo_line_height":0,"ocean_menu_typo_line_height_tablet":0,"ocean_menu_typo_line_height_mobile":0,"ocean_menu_typo_line_height_unit":"","ocean_menu_typo_spacing":0,"ocean_menu_typo_spacing_tablet":0,"ocean_menu_typo_spacing_mobile":0,"ocean_menu_typo_spacing_unit":"","ocean_menu_link_color":"","ocean_menu_link_color_hover":"","ocean_menu_link_color_active":"","ocean_menu_link_background":"","ocean_menu_link_hover_background":"","ocean_menu_link_active_background":"","ocean_menu_social_links_bg":"","ocean_menu_social_hover_links_bg":"","ocean_menu_social_links_color":"","ocean_menu_social_hover_links_color":"","ocean_disable_title":"on","ocean_disable_heading":"default","ocean_post_title":"","ocean_post_subheading":"","ocean_post_title_style":"","ocean_post_title_background_color":"","ocean_post_title_background":0,"ocean_post_title_bg_image_position":"","ocean_post_title_bg_image_attachment":"","ocean_post_title_bg_image_repeat":"","ocean_post_title_bg_image_size":"","ocean_post_title_height":0,"ocean_post_title_bg_overlay":0.5,"ocean_post_title_bg_overlay_color":"","ocean_disable_breadcrumbs":"default","ocean_breadcrumbs_color":"","ocean_breadcrumbs_separator_color":"","ocean_breadcrumbs_links_color":"","ocean_breadcrumbs_links_hover_color":"","ocean_display_footer_widgets":"off","ocean_display_footer_bottom":"off","ocean_custom_footer_template":"0","footnotes":""},"class_list":["post-1429","page","type-page","status-publish","hentry","entry"],"yoast_head":"<!-- This site is optimized with the Yoast SEO plugin v27.6 - https:\/\/yoast.com\/product\/yoast-seo-wordpress\/ -->\n<title>Textilberatung - Licht+Wohnen<\/title>\n<meta name=\"robots\" content=\"index, follow, max-snippet:-1, max-image-preview:large, max-video-preview:-1\" \/>\n<link rel=\"canonical\" href=\"https:\/\/lw32.de\/cms\/textilberatung\/\" \/>\n<meta property=\"og:locale\" content=\"de_DE\" \/>\n<meta property=\"og:type\" content=\"article\" \/>\n<meta property=\"og:title\" content=\"Textilberatung - Licht+Wohnen\" \/>\n<meta property=\"og:description\" content=\"TEXTILBERATUNG Vorhang auf f\u00fcr textile Leidenschaft Hochwertige Wohntextilien geben Ihren R\u00e4umen das gewisse Etwas, setzen individuelle Akzente und sorgen f\u00fcr Behaglichkeit. Zus\u00e4tzlich haben Sie, insbesondere in sehr puristisch gestalteten Innenr\u00e4umen, eine schallmindernde Funktion. Stilsicher und gekonnt setzen wir Dekorationsstoffe ein, verleihen dem Raum Akzente und vereinen dabei Zeitgeist und Innovation. Ob Vorh\u00e4nge, Bezugsstoffe &amp; Teppiche, [&hellip;]\" \/>\n<meta property=\"og:url\" content=\"https:\/\/lw32.de\/cms\/textilberatung\/\" \/>\n<meta property=\"og:site_name\" content=\"Licht+Wohnen\" \/>\n<meta property=\"article:publisher\" content=\"https:\/\/www.facebook.com\/LichtWohnen\/?locale=de_DE\" \/>\n<meta property=\"article:modified_time\" content=\"2025-06-24T15:17:11+00:00\" \/>\n<meta property=\"og:image\" content=\"https:\/\/lw32.de\/cms\/wp-content\/uploads\/2023\/04\/Textilien-scaled.jpg\" \/>\n\t<meta property=\"og:image:width\" content=\"2560\" \/>\n\t<meta property=\"og:image:height\" content=\"1149\" \/>\n\t<meta property=\"og:image:type\" content=\"image\/jpeg\" \/>\n<meta name=\"twitter:card\" content=\"summary_large_image\" \/>\n<meta name=\"twitter:label1\" content=\"Gesch\u00e4tzte Lesezeit\" \/>\n\t<meta name=\"twitter:data1\" content=\"1\u00a0Minute\" \/>\n<script type=\"application\/ld+json\" class=\"yoast-schema-graph\">{\"@context\":\"https:\\\/\\\/schema.org\",\"@graph\":[{\"@type\":\"WebPage\",\"@id\":\"https:\\\/\\\/lw32.de\\\/cms\\\/textilberatung\\\/\",\"url\":\"https:\\\/\\\/lw32.de\\\/cms\\\/textilberatung\\\/\",\"name\":\"Textilberatung - Licht+Wohnen\",\"isPartOf\":{\"@id\":\"https:\\\/\\\/lw32.de\\\/cms\\\/#website\"},\"primaryImageOfPage\":{\"@id\":\"https:\\\/\\\/lw32.de\\\/cms\\\/textilberatung\\\/#primaryimage\"},\"image\":{\"@id\":\"https:\\\/\\\/lw32.de\\\/cms\\\/textilberatung\\\/#primaryimage\"},\"thumbnailUrl\":\"https:\\\/\\\/lw32.de\\\/cms\\\/wp-content\\\/uploads\\\/2023\\\/04\\\/Textilien-scaled.jpg\",\"datePublished\":\"2023-04-01T19:05:46+00:00\",\"dateModified\":\"2025-06-24T15:17:11+00:00\",\"breadcrumb\":{\"@id\":\"https:\\\/\\\/lw32.de\\\/cms\\\/textilberatung\\\/#breadcrumb\"},\"inLanguage\":\"de\",\"potentialAction\":[{\"@type\":\"ReadAction\",\"target\":[\"https:\\\/\\\/lw32.de\\\/cms\\\/textilberatung\\\/\"]}]},{\"@type\":\"ImageObject\",\"inLanguage\":\"de\",\"@id\":\"https:\\\/\\\/lw32.de\\\/cms\\\/textilberatung\\\/#primaryimage\",\"url\":\"https:\\\/\\\/lw32.de\\\/cms\\\/wp-content\\\/uploads\\\/2023\\\/04\\\/Textilien-scaled.jpg\",\"contentUrl\":\"https:\\\/\\\/lw32.de\\\/cms\\\/wp-content\\\/uploads\\\/2023\\\/04\\\/Textilien-scaled.jpg\",\"width\":2560,\"height\":1149},{\"@type\":\"BreadcrumbList\",\"@id\":\"https:\\\/\\\/lw32.de\\\/cms\\\/textilberatung\\\/#breadcrumb\",\"itemListElement\":[{\"@type\":\"ListItem\",\"position\":1,\"name\":\"Startseite\",\"item\":\"https:\\\/\\\/lw32.de\\\/cms\\\/\"},{\"@type\":\"ListItem\",\"position\":2,\"name\":\"Textilberatung\"}]},{\"@type\":\"WebSite\",\"@id\":\"https:\\\/\\\/lw32.de\\\/cms\\\/#website\",\"url\":\"https:\\\/\\\/lw32.de\\\/cms\\\/\",\"name\":\"Licht+Wohnen\",\"description\":\"Das Einrichtungshaus in Karlsruhe\",\"publisher\":{\"@id\":\"https:\\\/\\\/lw32.de\\\/cms\\\/#organization\"},\"potentialAction\":[{\"@type\":\"SearchAction\",\"target\":{\"@type\":\"EntryPoint\",\"urlTemplate\":\"https:\\\/\\\/lw32.de\\\/cms\\\/?s={search_term_string}\"},\"query-input\":{\"@type\":\"PropertyValueSpecification\",\"valueRequired\":true,\"valueName\":\"search_term_string\"}}],\"inLanguage\":\"de\"},{\"@type\":\"Organization\",\"@id\":\"https:\\\/\\\/lw32.de\\\/cms\\\/#organization\",\"name\":\"Licht+Wohnen\",\"url\":\"https:\\\/\\\/lw32.de\\\/cms\\\/\",\"logo\":{\"@type\":\"ImageObject\",\"inLanguage\":\"de\",\"@id\":\"https:\\\/\\\/lw32.de\\\/cms\\\/#\\\/schema\\\/logo\\\/image\\\/\",\"url\":\"https:\\\/\\\/lw32.de\\\/cms\\\/wp-content\\\/uploads\\\/2025\\\/06\\\/cropped-cropped-luw_logo_claim_.png\",\"contentUrl\":\"https:\\\/\\\/lw32.de\\\/cms\\\/wp-content\\\/uploads\\\/2025\\\/06\\\/cropped-cropped-luw_logo_claim_.png\",\"width\":988,\"height\":441,\"caption\":\"Licht+Wohnen\"},\"image\":{\"@id\":\"https:\\\/\\\/lw32.de\\\/cms\\\/#\\\/schema\\\/logo\\\/image\\\/\"},\"sameAs\":[\"https:\\\/\\\/www.facebook.com\\\/LichtWohnen\\\/?locale=de_DE\",\"https:\\\/\\\/www.instagram.com\\\/lichtwohnen\\\/?hl=de\"]}]}<\/script>\n<!-- \/ Yoast SEO plugin. -->","yoast_head_json":{"title":"Textilberatung - Licht+Wohnen","robots":{"index":"index","follow":"follow","max-snippet":"max-snippet:-1","max-image-preview":"max-image-preview:large","max-video-preview":"max-video-preview:-1"},"canonical":"https:\/\/lw32.de\/cms\/textilberatung\/","og_locale":"de_DE","og_type":"article","og_title":"Textilberatung - Licht+Wohnen","og_description":"TEXTILBERATUNG Vorhang auf f\u00fcr textile Leidenschaft Hochwertige Wohntextilien geben Ihren R\u00e4umen das gewisse Etwas, setzen individuelle Akzente und sorgen f\u00fcr Behaglichkeit. Zus\u00e4tzlich haben Sie, insbesondere in sehr puristisch gestalteten Innenr\u00e4umen, eine schallmindernde Funktion. Stilsicher und gekonnt setzen wir Dekorationsstoffe ein, verleihen dem Raum Akzente und vereinen dabei Zeitgeist und Innovation. Ob Vorh\u00e4nge, Bezugsstoffe &amp; Teppiche, [&hellip;]","og_url":"https:\/\/lw32.de\/cms\/textilberatung\/","og_site_name":"Licht+Wohnen","article_publisher":"https:\/\/www.facebook.com\/LichtWohnen\/?locale=de_DE","article_modified_time":"2025-06-24T15:17:11+00:00","og_image":[{"width":2560,"height":1149,"url":"https:\/\/lw32.de\/cms\/wp-content\/uploads\/2023\/04\/Textilien-scaled.jpg","type":"image\/jpeg"}],"twitter_card":"summary_large_image","twitter_misc":{"Gesch\u00e4tzte Lesezeit":"1\u00a0Minute"},"schema":{"@context":"https:\/\/schema.org","@graph":[{"@type":"WebPage","@id":"https:\/\/lw32.de\/cms\/textilberatung\/","url":"https:\/\/lw32.de\/cms\/textilberatung\/","name":"Textilberatung - Licht+Wohnen","isPartOf":{"@id":"https:\/\/lw32.de\/cms\/#website"},"primaryImageOfPage":{"@id":"https:\/\/lw32.de\/cms\/textilberatung\/#primaryimage"},"image":{"@id":"https:\/\/lw32.de\/cms\/textilberatung\/#primaryimage"},"thumbnailUrl":"https:\/\/lw32.de\/cms\/wp-content\/uploads\/2023\/04\/Textilien-scaled.jpg","datePublished":"2023-04-01T19:05:46+00:00","dateModified":"2025-06-24T15:17:11+00:00","breadcrumb":{"@id":"https:\/\/lw32.de\/cms\/textilberatung\/#breadcrumb"},"inLanguage":"de","potentialAction":[{"@type":"ReadAction","target":["https:\/\/lw32.de\/cms\/textilberatung\/"]}]},{"@type":"ImageObject","inLanguage":"de","@id":"https:\/\/lw32.de\/cms\/textilberatung\/#primaryimage","url":"https:\/\/lw32.de\/cms\/wp-content\/uploads\/2023\/04\/Textilien-scaled.jpg","contentUrl":"https:\/\/lw32.de\/cms\/wp-content\/uploads\/2023\/04\/Textilien-scaled.jpg","width":2560,"height":1149},{"@type":"BreadcrumbList","@id":"https:\/\/lw32.de\/cms\/textilberatung\/#breadcrumb","itemListElement":[{"@type":"ListItem","position":1,"name":"Startseite","item":"https:\/\/lw32.de\/cms\/"},{"@type":"ListItem","position":2,"name":"Textilberatung"}]},{"@type":"WebSite","@id":"https:\/\/lw32.de\/cms\/#website","url":"https:\/\/lw32.de\/cms\/","name":"Licht+Wohnen","description":"Das Einrichtungshaus in Karlsruhe","publisher":{"@id":"https:\/\/lw32.de\/cms\/#organization"},"potentialAction":[{"@type":"SearchAction","target":{"@type":"EntryPoint","urlTemplate":"https:\/\/lw32.de\/cms\/?s={search_term_string}"},"query-input":{"@type":"PropertyValueSpecification","valueRequired":true,"valueName":"search_term_string"}}],"inLanguage":"de"},{"@type":"Organization","@id":"https:\/\/lw32.de\/cms\/#organization","name":"Licht+Wohnen","url":"https:\/\/lw32.de\/cms\/","logo":{"@type":"ImageObject","inLanguage":"de","@id":"https:\/\/lw32.de\/cms\/#\/schema\/logo\/image\/","url":"https:\/\/lw32.de\/cms\/wp-content\/uploads\/2025\/06\/cropped-cropped-luw_logo_claim_.png","contentUrl":"https:\/\/lw32.de\/cms\/wp-content\/uploads\/2025\/06\/cropped-cropped-luw_logo_claim_.png","width":988,"height":441,"caption":"Licht+Wohnen"},"image":{"@id":"https:\/\/lw32.de\/cms\/#\/schema\/logo\/image\/"},"sameAs":["https:\/\/www.facebook.com\/LichtWohnen\/?locale=de_DE","https:\/\/www.instagram.com\/lichtwohnen\/?hl=de"]}]}},"jetpack_sharing_enabled":true,"_links":{"self":[{"href":"https:\/\/lw32.de\/cms\/wp-json\/wp\/v2\/pages\/1429","targetHints":{"allow":["GET"]}}],"collection":[{"href":"https:\/\/lw32.de\/cms\/wp-json\/wp\/v2\/pages"}],"about":[{"href":"https:\/\/lw32.de\/cms\/wp-json\/wp\/v2\/types\/page"}],"author":[{"embeddable":true,"href":"https:\/\/lw32.de\/cms\/wp-json\/wp\/v2\/users\/1"}],"replies":[{"embeddable":true,"href":"https:\/\/lw32.de\/cms\/wp-json\/wp\/v2\/comments?post=1429"}],"version-history":[{"count":10,"href":"https:\/\/lw32.de\/cms\/wp-json\/wp\/v2\/pages\/1429\/revisions"}],"predecessor-version":[{"id":6792,"href":"https:\/\/lw32.de\/cms\/wp-json\/wp\/v2\/pages\/1429\/revisions\/6792"}],"wp:attachment":[{"href":"https:\/\/lw32.de\/cms\/wp-json\/wp\/v2\/media?parent=1429"}],"curies":[{"name":"wp","href":"https:\/\/api.w.org\/{rel}","templated":true}]}}